{"id":1599,"date":"2022-12-05T23:36:09","date_gmt":"2022-12-05T23:36:09","guid":{"rendered":"https:\/\/maszynybudowlanevolvo.pl\/?page_id=1599"},"modified":"2022-12-09T16:41:48","modified_gmt":"2022-12-09T16:41:48","slug":"menu","status":"publish","type":"page","link":"https:\/\/maszynybudowlanevolvo.pl\/index.php\/menu\/","title":{"rendered":"menu"},"content":{"rendered":"\n<div style=\"height:50px\" aria-hidden=\"true\" class=\"wp-block-spacer\"><\/div>\n\n\n\n<div class=\"is-layout-flex wp-container-10 wp-block-columns has-white-color has-text-color\">\n<div class=\"is-layout-flow wp-block-column is-vertically-aligned-top\">\n<div class=\"is-layout-flex wp-block-buttons\"><\/div>\n\n\n\n<div class=\"is-layout-flex wp-block-buttons\">\n<div class=\"wp-block-button aligncenter has-custom-font-size\" style=\"font-size:15px\"><a class=\"wp-block-button__link wp-element-button\" href=\"https:\/\/maszynybudowlanevolvo.pl\/index.php\/wozidla-przegubowe\/\">WOZID\u0141A PRZEGUBOWE<\/a><\/div>\n<\/div>\n<\/div>\n\n\n\n<div class=\"is-layout-flow wp-block-column\">\n<div class=\"is-layout-flex wp-block-buttons\">\n<div class=\"wp-block-button aligncenter has-custom-font-size\" style=\"font-size:15px\"><a class=\"wp-block-button__link wp-element-button\" href=\"https:\/\/maszynybudowlanevolvo.pl\/index.php\/walce-drogowe-i-robot-ziemnych\/\">WALCE DROGOWE<\/a><\/div>\n<\/div>\n<\/div>\n\n\n\n<div class=\"is-layout-flow wp-block-column\">\n<div class=\"is-layout-flex wp-block-buttons\">\n<div class=\"wp-block-button aligncenter has-custom-width wp-block-button__width-100 has-custom-font-size\" style=\"font-size:15px\"><a class=\"wp-block-button__link wp-element-button\" href=\"https:\/\/maszynybudowlanevolvo.pl\/index.php\/minikoparki\/\" style=\"border-radius:100px\">MINIKOPARKI<\/a><\/div>\n<\/div>\n<\/div>\n\n\n\n<div class=\"is-layout-flow wp-block-column\">\n<div class=\"is-layout-flex wp-block-buttons\">\n<div class=\"wp-block-button aligncenter has-custom-font-size is-style-fill\" style=\"font-size:15px\"><a class=\"wp-block-button__link wp-element-button\" href=\"https:\/\/maszynybudowlanevolvo.pl\/index.php\/koparko-ladowarki\/\">KOPARKO-\u0141ADOWARKI<\/a><\/div>\n<\/div>\n<\/div>\n<\/div>\n\n\n\n<div class=\"is-layout-flex wp-container-20 wp-block-columns has-white-color has-text-color\">\n<div class=\"is-layout-flow wp-block-column is-vertically-aligned-top\">\n<div class=\"is-layout-flex wp-block-buttons\"><\/div>\n\n\n\n<div class=\"is-layout-flex wp-block-buttons\">\n<div class=\"wp-block-button aligncenter has-custom-font-size\" style=\"font-size:15px\"><a class=\"wp-block-button__link wp-element-button\" href=\"https:\/\/maszynybudowlanevolvo.pl\/index.php\/miniladowarki-kolowe\/\">MINI\u0141ADOWARKI KO\u0141OWE<\/a><\/div>\n<\/div>\n<\/div>\n\n\n\n<div class=\"is-layout-flow wp-block-column\">\n<div class=\"is-layout-flex wp-block-buttons\">\n<div class=\"wp-block-button aligncenter has-custom-font-size\" style=\"font-size:15px\"><a class=\"wp-block-button__link wp-element-button\" href=\"https:\/\/maszynybudowlanevolvo.pl\/index.php\/koparki\/\">KOPARKI<\/a><\/div>\n<\/div>\n<\/div>\n\n\n\n<div class=\"is-layout-flow wp-block-column\">\n<div class=\"is-layout-flex wp-block-buttons\">\n<div class=\"wp-block-button aligncenter has-custom-width wp-block-button__width-100 has-custom-font-size\" style=\"font-size:15px\"><a class=\"wp-block-button__link wp-element-button\" href=\"https:\/\/maszynybudowlanevolvo.pl\/index.php\/maszyna-lesna\/\" style=\"border-radius:100px\">MASZYNA LE\u015aNA<\/a><\/div>\n<\/div>\n<\/div>\n\n\n\n<div class=\"is-layout-flow wp-block-column\">\n<div class=\"is-layout-flex wp-block-buttons\">\n<div class=\"wp-block-button aligncenter has-custom-font-size is-style-fill\" style=\"font-size:15px\"><a class=\"wp-block-button__link wp-element-button\" href=\"https:\/\/maszynybudowlanevolvo.pl\/index.php\/rowniarki\/\">R\u00d3WNIARKI<\/a><\/div>\n<\/div>\n<\/div>\n<\/div>\n\n\n\n<div class=\"is-layout-flex wp-container-30 wp-block-columns has-white-color has-text-color\">\n<div class=\"is-layout-flow wp-block-column is-vertically-aligned-top\">\n<div class=\"is-layout-flex wp-block-buttons\"><\/div>\n\n\n\n<div class=\"is-layout-flex wp-block-buttons\">\n<div class=\"wp-block-button aligncenter has-custom-font-size\" style=\"font-size:15px\"><a class=\"wp-block-button__link wp-element-button\" href=\"https:\/\/maszynybudowlanevolvo.pl\/index.php\/ukladarki-rur\/\">UK\u0141ADARKI RUR<\/a><\/div>\n<\/div>\n<\/div>\n\n\n\n<div class=\"is-layout-flow wp-block-column\">\n<div class=\"is-layout-flex wp-block-buttons\">\n<div class=\"wp-block-button aligncenter has-custom-font-size\" style=\"font-size:15px\"><a class=\"wp-block-button__link wp-element-button\" href=\"https:\/\/maszynybudowlanevolvo.pl\/index.php\/wozidla-sztywnoramowe\/\">WOZID\u0141A SZTYWNORAMOWE<\/a><\/div>\n<\/div>\n<\/div>\n\n\n\n<div class=\"is-layout-flow wp-block-column\">\n<div class=\"is-layout-flex wp-block-buttons\">\n<div class=\"wp-block-button aligncenter has-custom-width wp-block-button__width-100 has-custom-font-size\" style=\"font-size:15px\"><a class=\"wp-block-button__link wp-element-button\" href=\"https:\/\/maszynybudowlanevolvo.pl\/index.php\/miniladowarki\/\" style=\"border-radius:100px\">MINI\u0141ADOWARKI<\/a><\/div>\n<\/div>\n<\/div>\n\n\n\n<div class=\"is-layout-flow wp-block-column\">\n<div class=\"is-layout-flex wp-block-buttons\">\n<div class=\"wp-block-button aligncenter has-custom-font-size is-style-fill\" style=\"font-size:15px\"><a class=\"wp-block-button__link wp-element-button\" href=\"https:\/\/maszynybudowlanevolvo.pl\/index.php\/kompaktory\/\">KOMPAKTORY<\/a><\/div>\n<\/div>\n<\/div>\n<\/div>\n\n\n\n<div class=\"is-layout-flex wp-container-40 wp-block-columns has-white-color has-text-color\">\n<div class=\"is-layout-flow wp-block-column is-vertically-aligned-top\">\n<div class=\"is-layout-flex wp-block-buttons\"><\/div>\n\n\n\n<div class=\"is-layout-flex wp-block-buttons\">\n<div class=\"wp-block-button aligncenter has-custom-font-size\" style=\"font-size:15px\"><a class=\"wp-block-button__link wp-element-button\" href=\"https:\/\/maszynybudowlanevolvo.pl\/index.php\/rozscielacze-asfaltu-gasienicowe\/\">ROZ\u015aCIE\u0141ACZE G\u0104SIENICOWE<\/a><\/div>\n<\/div>\n<\/div>\n\n\n\n<div class=\"is-layout-flow wp-block-column\">\n<div class=\"is-layout-flex wp-block-buttons\">\n<div class=\"wp-block-button aligncenter has-custom-font-size\" style=\"font-size:15px\"><a class=\"wp-block-button__link wp-element-button\" href=\"https:\/\/maszynybudowlanevolvo.pl\/index.php\/ladowarki-kolowe\/\">\u0141ADOWARKI KO\u0141OWE<\/a><\/div>\n<\/div>\n<\/div>\n\n\n\n<div class=\"is-layout-flow wp-block-column\">\n<div class=\"is-layout-flex wp-block-buttons\">\n<div class=\"wp-block-button aligncenter has-custom-width wp-block-button__width-100 has-custom-font-size\" style=\"font-size:15px\"><a class=\"wp-block-button__link wp-element-button\" href=\"https:\/\/maszynybudowlanevolvo.pl\/index.php\/rozscielacze-asfaltu-kolowe\/\" style=\"border-radius:100px\">ROZ\u015aCIE\u0141ACZE KO\u0141OWE<\/a><\/div>\n<\/div>\n<\/div>\n\n\n\n<div class=\"is-layout-flow wp-block-column\">\n<div class=\"is-layout-flex wp-block-buttons\">\n<div class=\"wp-block-button aligncenter has-custom-font-size is-style-fill\" style=\"font-size:15px\"><a class=\"wp-block-button__link wp-element-button\" href=\"https:\/\/maszynybudowlanevolvo.pl\/index.php\/samochody-ciezarowe\/\">SAMOCHODY CI\u0118\u017bAROWE<\/a><\/div>\n<\/div>\n<\/div>\n<\/div>\n\n\n\n<div style=\"height:50px\" aria-hidden=\"true\" class=\"wp-block-spacer\"><\/div>\n","protected":false},"excerpt":{"rendered":"","protected":false},"author":3,"featured_media":0,"parent":0,"menu_order":0,"comment_status":"closed","ping_status":"closed","template":"template-fullwidth.php","meta":[],"_links":{"self":[{"href":"https:\/\/maszynybudowlanevolvo.pl\/index.php\/wp-json\/wp\/v2\/pages\/1599"}],"collection":[{"href":"https:\/\/maszynybudowlanevolvo.pl\/index.php\/wp-json\/wp\/v2\/pages"}],"about":[{"href":"https:\/\/maszynybudowlanevolvo.pl\/index.php\/wp-json\/wp\/v2\/types\/page"}],"author":[{"embeddable":true,"href":"https:\/\/maszynybudowlanevolvo.pl\/index.php\/wp-json\/wp\/v2\/users\/3"}],"replies":[{"embeddable":true,"href":"https:\/\/maszynybudowlanevolvo.pl\/index.php\/wp-json\/wp\/v2\/comments?post=1599"}],"version-history":[{"count":13,"href":"https:\/\/maszynybudowlanevolvo.pl\/index.php\/wp-json\/wp\/v2\/pages\/1599\/revisions"}],"predecessor-version":[{"id":1691,"href":"https:\/\/maszynybudowlanevolvo.pl\/index.php\/wp-json\/wp\/v2\/pages\/1599\/revisions\/1691"}],"wp:attachment":[{"href":"https:\/\/maszynybudowlanevolvo.pl\/index.php\/wp-json\/wp\/v2\/media?parent=1599"}],"curies":[{"name":"wp","href":"https:\/\/api.w.org\/{rel}","templated":true}]}}