{"id":1516,"date":"2022-11-16T14:35:47","date_gmt":"2022-11-16T14:35:47","guid":{"rendered":"https:\/\/maszynybudowlanevolvo.pl\/?page_id=1516"},"modified":"2022-12-09T16:32:52","modified_gmt":"2022-12-09T16:32:52","slug":"minikoparki","status":"publish","type":"page","link":"https:\/\/maszynybudowlanevolvo.pl\/index.php\/minikoparki\/","title":{"rendered":"Minikoparki"},"content":{"rendered":"\n<figure class=\"wp-block-image size-large\"><img decoding=\"async\" loading=\"lazy\" width=\"1024\" height=\"768\" src=\"https:\/\/maszynybudowlanevolvo.pl\/wp-content\/uploads\/2022\/12\/MINIKOPARKI-1024x768.jpeg\" alt=\"\" class=\"wp-image-1678\" srcset=\"https:\/\/maszynybudowlanevolvo.pl\/wp-content\/uploads\/2022\/12\/MINIKOPARKI-1024x768.jpeg 1024w, https:\/\/maszynybudowlanevolvo.pl\/wp-content\/uploads\/2022\/12\/MINIKOPARKI-300x225.jpeg 300w, https:\/\/maszynybudowlanevolvo.pl\/wp-content\/uploads\/2022\/12\/MINIKOPARKI-768x576.jpeg 768w, https:\/\/maszynybudowlanevolvo.pl\/wp-content\/uploads\/2022\/12\/MINIKOPARKI-1536x1152.jpeg 1536w, https:\/\/maszynybudowlanevolvo.pl\/wp-content\/uploads\/2022\/12\/MINIKOPARKI-2048x1536.jpeg 2048w\" sizes=\"(max-width: 1024px) 100vw, 1024px\" \/><\/figure>\n\n\n\n<div style=\"height:50px\" aria-hidden=\"true\" class=\"wp-block-spacer\"><\/div>\n\n\n\n<p id=\"v1m_-9142143563173469805m_-3162307982903582898tw-target-text\">Kompaktowa lub minikoparka to pojazd g\u0105sienicowy lub ko\u0142owy o przybli\u017conej masie roboczej od 0,7 do 8,5 tony. Zwykle zawiera standardowy lemiesz do zasypywania i posiada niezale\u017cny ruch wysi\u0119gnika. Koparki hydrauliczne r\u00f3\u017cni\u0105 si\u0119 nieco od innych maszyn budowlanych tym, \u017ce wszystkie ruchy i funkcje maszyny s\u0105 realizowane poprzez przenoszenie p\u0142ynu hydraulicznego. Zesp\u00f3\u0142 roboczy i lemiesz koparki kompaktowej s\u0105 uruchamiane przez p\u0142yn hydrauliczny dzia\u0142aj\u0105cy na cylindry hydrauliczne. Funkcje obrotu i jazdy koparki s\u0105 r\u00f3wnie\u017c aktywowane przez silniki hydrauliczne zasilane p\u0142ynem hydraulicznym.<\/p>\n\n\n\n<div class=\"is-layout-flex wp-container-3 wp-block-columns\">\n<div class=\"is-layout-flow wp-block-column\" style=\"flex-basis:50%\">\n<ul>\n<li>EC13 XR Volvo<\/li>\n\n\n\n<li>EC13 XTV Volvo<\/li>\n\n\n\n<li>EC14 Volvo<\/li>\n\n\n\n<li>EC15 XR Volvo<\/li>\n\n\n\n<li>EC15 XT Volvo<\/li>\n\n\n\n<li>EC15 XTV Volvo<\/li>\n\n\n\n<li>EC15B XR Volvo<\/li>\n\n\n\n<li>EC15B XT Volvo<\/li>\n\n\n\n<li>EC15B XTV Volvo<\/li>\n\n\n\n<li>EC15C Volvo<\/li>\n\n\n\n<li>EC15D Volvo<\/li>\n\n\n\n<li>EC15E Volvo<\/li>\n\n\n\n<li>EC17C Volvo<\/li>\n\n\n\n<li>EC18C Volvo<\/li>\n\n\n\n<li>EC18D Volvo<\/li>\n\n\n\n<li>EC18E Volvo<\/li>\n\n\n\n<li>EC20 XT Volvo<\/li>\n\n\n\n<li>EC20 XTV Volvo<\/li>\n\n\n\n<li>EC20B XT Volvo<\/li>\n\n\n\n<li>EC20B XTV Volvo<\/li>\n\n\n\n<li>EC20C Volvo<\/li>\n\n\n\n<li>EC20D Volvo<\/li>\n\n\n\n<li>EC20E Volvo<\/li>\n\n\n\n<li>EC25 Volvo<\/li>\n\n\n\n<li>EC27C Volvo<\/li>\n\n\n\n<li>EC27D Volvo<\/li>\n\n\n\n<li>EGO Volvo<\/li>\n\n\n\n<li>EC35 Volvo<\/li>\n\n\n\n<li>EC35C Volvo<\/li>\n\n\n\n<li>EC35D Volvo<\/li>\n\n\n\n<li>EC45 Volvo<\/li>\n\n\n\n<li>EC50 Volvo<\/li>\n\n\n\n<li>EC50 VV Volvo<\/li>\n<\/ul>\n<\/div>\n\n\n\n<div class=\"is-layout-flow wp-block-column\" style=\"flex-basis:50%\">\n<ul>\n<li>EC55 Volvo<\/li>\n\n\n\n<li>EC55-2 Volvo<\/li>\n\n\n\n<li>EC55-EU Volvo<\/li>\n\n\n\n<li>EC55B volvo<\/li>\n\n\n\n<li>EC55C Volvo<\/li>\n\n\n\n<li>EC55D Volvo<\/li>\n\n\n\n<li>EC60C Volvo<\/li>\n\n\n\n<li>EC60D Volvo<\/li>\n\n\n\n<li>EC60E Volvo<\/li>\n\n\n\n<li>EC70 Volvo<\/li>\n\n\n\n<li>EC70 VV Volvo<\/li>\n\n\n\n<li>EC75D Volvo<\/li>\n\n\n\n<li>EC80D Volvo<\/li>\n\n\n\n<li>ECR18E Volvo<\/li>\n\n\n\n<li>ECR25D Volvo<\/li>\n\n\n\n<li>ECR28 Volvo<\/li>\n\n\n\n<li>ECR35D Volvo<\/li>\n\n\n\n<li>ECR38 Volvo<\/li>\n\n\n\n<li>ECR40D Volvo<\/li>\n\n\n\n<li>ECR48C Volvo<\/li>\n\n\n\n<li>ECR50D Volvo<\/li>\n\n\n\n<li>ECR58 Volvo<\/li>\n\n\n\n<li>ECR58D Volvo<\/li>\n\n\n\n<li>ECR88 Volvo<\/li>\n\n\n\n<li>ECR88D Volvo<\/li>\n\n\n\n<li>EW50 Volvo<\/li>\n\n\n\n<li>EW50 VV Volvo<\/li>\n\n\n\n<li>EW55 Volvo<\/li>\n\n\n\n<li>EW55B Volvo<\/li>\n\n\n\n<li>EW60C Volvo<\/li>\n\n\n\n<li>EW60E Volvo<\/li>\n\n\n\n<li>EW70 Volvo<\/li>\n\n\n\n<li>EW70 VV Volvo<\/li>\n<\/ul>\n<\/div>\n<\/div>\n","protected":false},"excerpt":{"rendered":"<p>Kompaktowa lub minikoparka to pojazd g\u0105sienicowy lub ko\u0142owy o przybli\u017conej masie roboczej od 0,7 do 8,5 tony. Zwykle zawiera standardowy lemiesz do zasypywania i posiada niezale\u017cny ruch wysi\u0119gnika. Koparki hydrauliczne &#8230;<\/p>\n","protected":false},"author":3,"featured_media":0,"parent":0,"menu_order":0,"comment_status":"closed","ping_status":"closed","template":"template-fullwidth.php","meta":[],"_links":{"self":[{"href":"https:\/\/maszynybudowlanevolvo.pl\/index.php\/wp-json\/wp\/v2\/pages\/1516"}],"collection":[{"href":"https:\/\/maszynybudowlanevolvo.pl\/index.php\/wp-json\/wp\/v2\/pages"}],"about":[{"href":"https:\/\/maszynybudowlanevolvo.pl\/index.php\/wp-json\/wp\/v2\/types\/page"}],"author":[{"embeddable":true,"href":"https:\/\/maszynybudowlanevolvo.pl\/index.php\/wp-json\/wp\/v2\/users\/3"}],"replies":[{"embeddable":true,"href":"https:\/\/maszynybudowlanevolvo.pl\/index.php\/wp-json\/wp\/v2\/comments?post=1516"}],"version-history":[{"count":2,"href":"https:\/\/maszynybudowlanevolvo.pl\/index.php\/wp-json\/wp\/v2\/pages\/1516\/revisions"}],"predecessor-version":[{"id":1679,"href":"https:\/\/maszynybudowlanevolvo.pl\/index.php\/wp-json\/wp\/v2\/pages\/1516\/revisions\/1679"}],"wp:attachment":[{"href":"https:\/\/maszynybudowlanevolvo.pl\/index.php\/wp-json\/wp\/v2\/media?parent=1516"}],"curies":[{"name":"wp","href":"https:\/\/api.w.org\/{rel}","templated":true}]}}