{"id":1444,"date":"2022-11-15T12:17:20","date_gmt":"2022-11-15T12:17:20","guid":{"rendered":"https:\/\/maszynybudowlanevolvo.pl\/?page_id=1444"},"modified":"2022-12-09T16:35:11","modified_gmt":"2022-12-09T16:35:11","slug":"wozidla-przegubowe","status":"publish","type":"page","link":"https:\/\/maszynybudowlanevolvo.pl\/index.php\/wozidla-przegubowe\/","title":{"rendered":"Wozid\u0142a przegubowe"},"content":{"rendered":"<div class=\"wp-block-image\">\n<figure class=\"aligncenter size-full\"><img decoding=\"async\" loading=\"lazy\" width=\"1000\" height=\"700\" src=\"https:\/\/maszynybudowlanevolvo.pl\/wp-content\/uploads\/2022\/11\/wozidlo-przegubowe-1.jpg.png\" alt=\"\" class=\"wp-image-1460\" srcset=\"https:\/\/maszynybudowlanevolvo.pl\/wp-content\/uploads\/2022\/11\/wozidlo-przegubowe-1.jpg.png 1000w, https:\/\/maszynybudowlanevolvo.pl\/wp-content\/uploads\/2022\/11\/wozidlo-przegubowe-1.jpg-300x210.png 300w, https:\/\/maszynybudowlanevolvo.pl\/wp-content\/uploads\/2022\/11\/wozidlo-przegubowe-1.jpg-768x538.png 768w\" sizes=\"(max-width: 1000px) 100vw, 1000px\" \/><\/figure><\/div>\n\n\n<div style=\"height:50px\" aria-hidden=\"true\" class=\"wp-block-spacer\"><\/div>\n\n\n\n<p>Koncepcja przegubowego wozid\u0142a opiera si\u0119 na pe\u0142nej uniwersalno\u015bci, co oznacza mo\u017cliwo\u015b\u0107 dotarcia do ka\u017cdego miejsca na terenie rob\u00f3t i pokonywania stromych zboczy.<\/p>\n\n\n\n<p>Wozid\u0142a przegubowe, takie jak widoczne na zdj\u0119ciu Volvo A40, s\u0105 du\u017co popularniejsze na rynku wt\u00f3rnym od swoich sztywnoramowych braci<\/p>\n\n\n\n<p>Atutem wozide\u0142 ze sztywn\u0105 ram\u0105 jest du\u017co wi\u0119ksza \u0142adowno\u015b\u0107. Na zdj\u0119ciu nieprodukowany ju\u017c od 2002 r. Euclid (marka nale\u017ca\u0142a do korporacji Volvo).<\/p>\n\n\n\n<p>Nie brakuje ofert sprzeda\u017cy u\u017cywanych wozide\u0142. Poda\u017c maj\u0105 jednak niemal wy\u0142\u0105cznie maszyny przegubowe. Oferty u\u017cywanych wozide\u0142 sztywnoramowych mo\u017cna policzy\u0107 na palcach. Wozid\u0142a przegubowe s\u0105 du\u017co popularniejsze na rynku wt\u00f3rnym od swoich sztywnoramowych braci, chocia\u017c to te drugie maj\u0105 wi\u0119ksz\u0105 \u0142adowno\u015b\u0107. Klienci bior\u0105 pod uwag\u0119 inne walory przegubowc\u00f3w, mi\u0119dzy innymi ich pr\u0119dko\u015b\u0107 i uniwersalno\u015b\u0107. Dzisiaj por\u00f3wnujemy ceny przegubowych i sztywnoramowych wozide\u0142 wyprodukowanych przez firmy Caterpillar, Komatsu i Terex.<\/p>\n\n\n\n<p>Pod wzgl\u0119dem zainteresowania wozid\u0142ami wpisujemy si\u0119 w mi\u0119dzynarodowe trendy. Na zachodzie od kilku ju\u017c lat zaobserwowa\u0107 mo\u017cna zwi\u0119kszone zainteresowanie wozid\u0142ami przegubowymi, za\u015b sztywnoramowe maszyny maj\u0105 mniejsze wzi\u0119cie. Niekt\u00f3rzy producenci przestali ju\u017c nawet oferowa\u0107 wozid\u0142a sztywnoramowe i sprzedaj\u0105 wy\u0142\u0105cznie maszyny przegubowe. Tak od siedmiu lat robi np. firma Volvo.<\/p>\n\n\n\n<p>Liczy si\u0119 specyfika pracy<\/p>\n\n\n\n<p>O wi\u0119kszej popularno\u015bci przegub\u00f3w decyduje przede wszystkim ich uniwersalno\u015b\u0107. Maszyny te maj\u0105 wi\u0119ksze mo\u017cliwo\u015bci manewrowe i lepiej sprawdzaj\u0105 si\u0119 na wszelkiego rodzaju budowach. Wozid\u0142a sztywnoramowe za\u015b lepiej radz\u0105 sobie w kopalniach odkrywkowych: &#8211; Kopalnie odkrywkowe, kt\u00f3re g\u0142\u00f3wnie zamawiaj\u0105 wozid\u0142a sztywnoramowe, rzadziej decyduj\u0105 si\u0119 na odsprzeda\u017c maszyn, co wynika ze sta\u0142o\u015bci produkcji &#8211; wyja\u015bnia Wojciech Stawiasz z komisu maszyn budowlanych w Krakowie. Komis oferuje g\u0142\u00f3wnie maszyny przegubowe. &#8211; Tymczasem wozid\u0142o przegubowe mo\u017cna wynaj\u0105\u0107 nawet pod jedno zam\u00f3wienie, np. budow\u0119 jakiego\u015b odcinka autostrady, kt\u00f3re trwa kilka miesi\u0119cy. Po jego zako\u0144czeniu maszyna trafia na rynek wt\u00f3rny ju\u017c jako u\u017cywana.<\/p>\n\n\n\n<p>Wi\u0119cej czy szybciej?<\/p>\n\n\n\n<p>Decyduj\u0105ca okazuje si\u0119 tak\u017ce pr\u0119dko\u015b\u0107 jazdy do ty\u0142u. Niekt\u00f3re z przegub\u00f3w \u015bredniej wielko\u015bci potrafi\u0105 bowiem rozp\u0119dza\u0107 si\u0119 do oko\u0142o 35 km\/h podczas jazdy do ty\u0142u, du\u017ce zazwyczaj do oko\u0142o 15-20 km\/h. Wozid\u0142a sztywnoramowe w takim wypadku rzadko przekraczaj\u0105 15 km\/h. Ma to znaczenie wsz\u0119dzie tam, gdzie trzeba porusza\u0107 si\u0119 z \u0142adunkiem na niewielkiej przestrzeni. Z drugiej strony, gdy potrzebujemy naprawd\u0119 du\u017cej maszyny o gigantycznych zdolno\u015bciach przewozowych, licz\u0105 si\u0119 w\u0142a\u015bciwie tylko sztywniaki &#8211; maksymalnie wozid\u0142a przegubowe potrafi\u0105 zabra\u0107 do swoich kipr\u00f3w ok. 40 ton, w przypadku maszyn sztywnoramowych pu\u0142ap ten przekracza nieraz 500 ton, a na rynku znajdziemy nawet maszyny o \u0142adowno\u015bci 1.000 t. W wielu wypadkach u\u017cywane wozid\u0142a sztywnoramowe, np. wci\u0105\u017c popularnej w Polsce firmy Bie\u0142az, s\u0105 du\u017co ta\u0144sze ni\u017c konkurencyjne maszyny przegubowe. Do starszych wozide\u0142 przegubowych cz\u0119sto tak\u017ce brakuje cz\u0119\u015bci zamiennych lub s\u0105 one bardzo drogie, w Polsce za\u015b bez trudu kupimy elementy do sztywnoramowych Bie\u0142az\u00f3w, nie brakuje tak\u017ce firm odbudowuj\u0105cych tego typu maszyny.<\/p>\n\n\n\n<p>Wozid\u0142a przegubowe Volvo dzi\u0119ki \u0142atwo\u015bci i komfortu pracy operatora od zawsze by\u0142y liderem w bran\u017cy transportu du\u017cych ilo\u015bci materia\u0142\u00f3w sypkich.<\/p>\n\n\n\n<p><\/p>\n\n\n\n<hr class=\"wp-block-separator has-text-color has-white-color has-alpha-channel-opacity has-white-background-color has-background\"\/>\n\n\n\n<div class=\"is-layout-flex wp-container-6 wp-block-columns\">\n<div class=\"is-layout-flow wp-block-column\" style=\"flex-basis:100%\">\n<div class=\"is-layout-constrained wp-block-group\"><div class=\"wp-block-group__inner-container\">\n<div class=\"is-layout-flex wp-container-3 wp-block-columns are-vertically-aligned-top is-not-stacked-on-mobile has-small-font-size\">\n<div class=\"is-layout-flow wp-block-column is-vertically-aligned-top\" style=\"flex-basis:50%\">\n<ul>\n<li>860 Volvo Bm<\/li>\n\n\n\n<li>861 Volvo BM<\/li>\n\n\n\n<li>5350 Volvo BM<\/li>\n\n\n\n<li>5350B Volvo BM<\/li>\n\n\n\n<li>5350B 4&#215;4 Volvo BM<\/li>\n\n\n\n<li>5350B 6&#215;4 Volvo BM<\/li>\n\n\n\n<li>A20 Volvo BM<\/li>\n\n\n\n<li>A20 6&#215;4 Volvo BM<\/li>\n\n\n\n<li>A20C Volvo BM<\/li>\n\n\n\n<li>A20C Volvo<\/li>\n\n\n\n<li>A25 Volvo BM<\/li>\n\n\n\n<li>A25 4&#215;4 Volvo BM<\/li>\n\n\n\n<li>A25 6&#215;4 Volvo BM<\/li>\n\n\n\n<li>A25B Volvo BM<\/li>\n\n\n\n<li>A25B 4&#215;4 Volvo BM<\/li>\n\n\n\n<li>A25C Volvo BM<\/li>\n\n\n\n<li>A25C Volvo<\/li>\n\n\n\n<li>A25C 4&#215;4 Volvo BM<\/li>\n\n\n\n<li>A25C 4&#215;4 Volvo<\/li>\n\n\n\n<li>A25D Volvo<\/li>\n\n\n\n<li>A25D 4&#215;4 Volvo<\/li>\n\n\n\n<li>A25E Volvo<\/li>\n\n\n\n<li>A25E 4&#215;4 Volvo<\/li>\n\n\n\n<li>A25F Volvo SN 13001-99999<\/li>\n\n\n\n<li>A25F Volvo SN 320001-<\/li>\n\n\n\n<li>A25G Volvo<\/li>\n\n\n\n<li>A30 Volvo BM<\/li>\n\n\n\n<li>A30C Volvo BM<\/li>\n\n\n\n<li>A30C Volvo<\/li>\n\n\n\n<li>A30D Volvo<\/li>\n\n\n\n<li>A30E Volvo<\/li>\n<\/ul>\n<\/div>\n\n\n\n<div class=\"is-layout-flow wp-block-column is-vertically-aligned-top\" style=\"flex-basis:50%\">\n<ul>\n<li>A30F Volvo SN 320001-<\/li>\n\n\n\n<li>A30F Volvo SN 12001-99999<\/li>\n\n\n\n<li>A30G Volvo<\/li>\n\n\n\n<li>A35 Volvo BM<\/li>\n\n\n\n<li>A35C Volvo<\/li>\n\n\n\n<li>A35C Volvo BM<\/li>\n\n\n\n<li>A35D Volvo<\/li>\n\n\n\n<li>A35E Volvo<\/li>\n\n\n\n<li>A35E FS volvo<\/li>\n\n\n\n<li>A35F Volvo SN 320001<\/li>\n\n\n\n<li>A35F Volvo SN 10001-99999<\/li>\n\n\n\n<li>A35F FS Volvo SN 10001-99999<\/li>\n\n\n\n<li>A35F FS Volvo SN 32000<\/li>\n\n\n\n<li>A35G Volvo<\/li>\n\n\n\n<li>A35G FS Volvo<\/li>\n\n\n\n<li>A40 volvo BM<\/li>\n\n\n\n<li>A40 Volvo<\/li>\n\n\n\n<li>A40D Volvo<\/li>\n\n\n\n<li>A40E Volvo<\/li>\n\n\n\n<li>A40E FS volvo<\/li>\n\n\n\n<li>A40F Volvo SN 320001<\/li>\n\n\n\n<li>A40F Volvo SN 11001-99999<\/li>\n\n\n\n<li>A40F FS Volvo SN 32000<\/li>\n\n\n\n<li>A40F FS Volvo SN 11001-99999<\/li>\n\n\n\n<li>A40G Volvo<\/li>\n\n\n\n<li>A40G FS Volvo<\/li>\n\n\n\n<li>A45G Volvo<\/li>\n\n\n\n<li>A45G FS Volvo<\/li>\n\n\n\n<li>A60H Volvo<\/li>\n\n\n\n<li>T450D Volvo<\/li>\n<\/ul>\n<\/div>\n<\/div>\n<\/div><\/div>\n<\/div>\n<\/div>\n","protected":false},"excerpt":{"rendered":"<p>Koncepcja przegubowego wozid\u0142a opiera si\u0119 na pe\u0142nej uniwersalno\u015bci, co oznacza mo\u017cliwo\u015b\u0107 dotarcia do ka\u017cdego miejsca na terenie rob\u00f3t i pokonywania stromych zboczy. Wozid\u0142a przegubowe, takie jak widoczne na zdj\u0119ciu Volvo &#8230;<\/p>\n","protected":false},"author":3,"featured_media":0,"parent":0,"menu_order":0,"comment_status":"closed","ping_status":"closed","template":"template-fullwidth.php","meta":[],"_links":{"self":[{"href":"https:\/\/maszynybudowlanevolvo.pl\/index.php\/wp-json\/wp\/v2\/pages\/1444"}],"collection":[{"href":"https:\/\/maszynybudowlanevolvo.pl\/index.php\/wp-json\/wp\/v2\/pages"}],"about":[{"href":"https:\/\/maszynybudowlanevolvo.pl\/index.php\/wp-json\/wp\/v2\/types\/page"}],"author":[{"embeddable":true,"href":"https:\/\/maszynybudowlanevolvo.pl\/index.php\/wp-json\/wp\/v2\/users\/3"}],"replies":[{"embeddable":true,"href":"https:\/\/maszynybudowlanevolvo.pl\/index.php\/wp-json\/wp\/v2\/comments?post=1444"}],"version-history":[{"count":31,"href":"https:\/\/maszynybudowlanevolvo.pl\/index.php\/wp-json\/wp\/v2\/pages\/1444\/revisions"}],"predecessor-version":[{"id":1685,"href":"https:\/\/maszynybudowlanevolvo.pl\/index.php\/wp-json\/wp\/v2\/pages\/1444\/revisions\/1685"}],"wp:attachment":[{"href":"https:\/\/maszynybudowlanevolvo.pl\/index.php\/wp-json\/wp\/v2\/media?parent=1444"}],"curies":[{"name":"wp","href":"https:\/\/api.w.org\/{rel}","templated":true}]}}